{"id":1925,"date":"2023-02-14T18:07:37","date_gmt":"2023-02-14T23:07:37","guid":{"rendered":"https:\/\/myperfectshake.com\/?post_type=product&#038;p=1925"},"modified":"2026-01-23T16:11:48","modified_gmt":"2026-01-23T21:11:48","slug":"vegan-vainilla","status":"publish","type":"product","link":"https:\/\/myperfectshake.com\/index.php\/product\/vegan-vainilla\/","title":{"rendered":"Vegan Vainilla"},"content":{"rendered":"\t\t<div data-elementor-type=\"product-post\" data-elementor-id=\"1925\" class=\"elementor elementor-1925\" data-elementor-post-type=\"product\">\n\t\t\t\t\t\t<section data-particle_enable=\"false\" data-particle-mobile-disabled=\"false\" class=\"elementor-section elementor-top-section elementor-element elementor-element-3b1fa1f3 elementor-section-full_width elementor-section-stretched elementor-section-height-default elementor-section-height-default\" data-id=\"3b1fa1f3\" data-element_type=\"section\" data-e-type=\"section\" data-settings=\"{&quot;stretch_section&quot;:&quot;section-stretched&quot;}\">\n\t\t\t\t\t\t<div class=\"elementor-container elementor-column-gap-no\">\n\t\t\t\t\t<div class=\"elementor-column elementor-col-100 elementor-top-column elementor-element elementor-element-b41021d\" data-id=\"b41021d\" data-element_type=\"column\" data-e-type=\"column\">\n\t\t\t<div class=\"elementor-widget-wrap elementor-element-populated\">\n\t\t\t\t\t\t<div class=\"elementor-element elementor-element-2e39f68 elementor-widget elementor-widget-image\" data-id=\"2e39f68\" data-element_type=\"widget\" data-e-type=\"widget\" data-widget_type=\"image.default\">\n\t\t\t\t<div class=\"elementor-widget-container\">\n\t\t\t\t\t\t\t\t\t\t\t\t\t\t\t<img fetchpriority=\"high\" decoding=\"async\" width=\"2500\" height=\"1225\" src=\"https:\/\/myperfectshake.com\/wp-content\/uploads\/2023\/02\/BANNERS_MYPP_VEGAN_VAINILLA-1.jpg\" class=\"attachment-full size-full wp-image-2021\" alt=\"\" srcset=\"https:\/\/myperfectshake.com\/wp-content\/uploads\/2023\/02\/BANNERS_MYPP_VEGAN_VAINILLA-1.jpg 2500w, https:\/\/myperfectshake.com\/wp-content\/uploads\/2023\/02\/BANNERS_MYPP_VEGAN_VAINILLA-1-300x147.jpg 300w, https:\/\/myperfectshake.com\/wp-content\/uploads\/2023\/02\/BANNERS_MYPP_VEGAN_VAINILLA-1-1024x502.jpg 1024w, https:\/\/myperfectshake.com\/wp-content\/uploads\/2023\/02\/BANNERS_MYPP_VEGAN_VAINILLA-1-768x376.jpg 768w, https:\/\/myperfectshake.com\/wp-content\/uploads\/2023\/02\/BANNERS_MYPP_VEGAN_VAINILLA-1-1536x753.jpg 1536w, https:\/\/myperfectshake.com\/wp-content\/uploads\/2023\/02\/BANNERS_MYPP_VEGAN_VAINILLA-1-2048x1004.jpg 2048w, https:\/\/myperfectshake.com\/wp-content\/uploads\/2023\/02\/BANNERS_MYPP_VEGAN_VAINILLA-1-200x98.jpg 200w, https:\/\/myperfectshake.com\/wp-content\/uploads\/2023\/02\/BANNERS_MYPP_VEGAN_VAINILLA-1-600x294.jpg 600w\" sizes=\"(max-width: 2500px) 100vw, 2500px\" \/>\t\t\t\t\t\t\t\t\t\t\t\t\t\t\t<\/div>\n\t\t\t\t<\/div>\n\t\t\t\t\t<\/div>\n\t\t<\/div>\n\t\t\t\t\t<\/div>\n\t\t<\/section>\n\t\t\t\t<\/div>\n\t\t","protected":false},"excerpt":{"rendered":"<p>\u00a1Deliciosa prote\u00edna sabor vainilla! Perfecta para a\u00f1adir a tus smoothies, postres fit favoritos o simplemente disfrutarla con agua.<\/p>\n<p>Hecha a base de prote\u00edna de chicharro y garbanzo y, \u00bfpor qu\u00e9 de ch\u00edcharo y garbanzo? Dentro de las fuentes de prote\u00edna vegetales son unas de las mayores puntuaciones de PDCCAS*. \u00a1No necesitar\u00e1s enzimas digestivas! No son al\u00e9rgenos como la soya, no aportan gluten.<\/p>\n","protected":false},"featured_media":1926,"comment_status":"open","ping_status":"closed","template":"","meta":[],"product_brand":[],"product_cat":[23,52,21,42,48,41,50,22,49,26,40,38,39,15,24,51,25],"product_tag":[],"class_list":{"0":"post-1925","1":"product","2":"type-product","3":"status-publish","4":"has-post-thumbnail","6":"product_cat-23","7":"product_cat-50-y-kids","8":"product_cat-accesorios","9":"product_cat-blend","10":"product_cat-challenge-2","11":"product_cat-coffee","12":"product_cat-control-calorico","13":"product_cat-kids","14":"product_cat-masa-muscular","15":"product_cat-men","16":"product_cat-protein","17":"product_cat-shake","18":"product_cat-tea","19":"product_cat-uncategorized","20":"product_cat-vegan","21":"product_cat-wellness","22":"product_cat-women","24":"first","25":"instock","26":"shipping-taxable","27":"purchasable","28":"product-type-simple"},"_links":{"self":[{"href":"https:\/\/myperfectshake.com\/index.php\/wp-json\/wp\/v2\/product\/1925","targetHints":{"allow":["GET"]}}],"collection":[{"href":"https:\/\/myperfectshake.com\/index.php\/wp-json\/wp\/v2\/product"}],"about":[{"href":"https:\/\/myperfectshake.com\/index.php\/wp-json\/wp\/v2\/types\/product"}],"replies":[{"embeddable":true,"href":"https:\/\/myperfectshake.com\/index.php\/wp-json\/wp\/v2\/comments?post=1925"}],"version-history":[{"count":16,"href":"https:\/\/myperfectshake.com\/index.php\/wp-json\/wp\/v2\/product\/1925\/revisions"}],"predecessor-version":[{"id":4816,"href":"https:\/\/myperfectshake.com\/index.php\/wp-json\/wp\/v2\/product\/1925\/revisions\/4816"}],"wp:featuredmedia":[{"embeddable":true,"href":"https:\/\/myperfectshake.com\/index.php\/wp-json\/wp\/v2\/media\/1926"}],"wp:attachment":[{"href":"https:\/\/myperfectshake.com\/index.php\/wp-json\/wp\/v2\/media?parent=1925"}],"wp:term":[{"taxonomy":"product_brand","embeddable":true,"href":"https:\/\/myperfectshake.com\/index.php\/wp-json\/wp\/v2\/product_brand?post=1925"},{"taxonomy":"product_cat","embeddable":true,"href":"https:\/\/myperfectshake.com\/index.php\/wp-json\/wp\/v2\/product_cat?post=1925"},{"taxonomy":"product_tag","embeddable":true,"href":"https:\/\/myperfectshake.com\/index.php\/wp-json\/wp\/v2\/product_tag?post=1925"}],"curies":[{"name":"wp","href":"https:\/\/api.w.org\/{rel}","templated":true}]}}