{"id":183,"date":"2022-05-10T01:49:31","date_gmt":"2022-05-10T06:49:31","guid":{"rendered":"https:\/\/infinitos.digital\/shake\/index.php\/product\/vegan-mazapan-cacao\/"},"modified":"2025-08-25T11:06:31","modified_gmt":"2025-08-25T16:06:31","slug":"vegan-mazapan-cacao","status":"publish","type":"product","link":"https:\/\/myperfectshake.com\/index.php\/product\/vegan-mazapan-cacao\/","title":{"rendered":"Vegan Mazap\u00e1n Cacao"},"content":{"rendered":"\t\t<div data-elementor-type=\"product-post\" data-elementor-id=\"183\" class=\"elementor elementor-183\" data-elementor-post-type=\"product\">\n\t\t\t\t\t\t<section data-particle_enable=\"false\" data-particle-mobile-disabled=\"false\" class=\"elementor-section elementor-top-section elementor-element elementor-element-49d0a3e3 elementor-section-boxed elementor-section-height-default elementor-section-height-default\" data-id=\"49d0a3e3\" data-element_type=\"section\" data-e-type=\"section\">\n\t\t\t\t\t\t<div class=\"elementor-container elementor-column-gap-default\">\n\t\t\t\t\t<div class=\"elementor-column elementor-col-100 elementor-top-column elementor-element elementor-element-2bdd6878\" data-id=\"2bdd6878\" data-element_type=\"column\" data-e-type=\"column\">\n\t\t\t<div class=\"elementor-widget-wrap elementor-element-populated\">\n\t\t\t\t\t\t<div class=\"elementor-element elementor-element-093d340 elementor-align-center elementor-widget elementor-widget-button\" data-id=\"093d340\" data-element_type=\"widget\" data-e-type=\"widget\" data-widget_type=\"button.default\">\n\t\t\t\t<div class=\"elementor-widget-container\">\n\t\t\t\t\t\t\t\t\t<div class=\"elementor-button-wrapper\">\n\t\t\t\t\t<a class=\"elementor-button elementor-button-link elementor-size-sm elementor-animation-grow\" href=\"https:\/\/myperfectshake.com\/wp-content\/uploads\/2023\/06\/XIV_MPS_VEGAN_MAZAPAN-CACAO_INFORMACION-NUTRIMENTAL.pdf\" target=\"_blank\">\n\t\t\t\t\t\t<span class=\"elementor-button-content-wrapper\">\n\t\t\t\t\t\t\t\t\t<span class=\"elementor-button-text\">Tabla Nutrimental<\/span>\n\t\t\t\t\t<\/span>\n\t\t\t\t\t<\/a>\n\t\t\t\t<\/div>\n\t\t\t\t\t\t\t\t<\/div>\n\t\t\t\t<\/div>\n\t\t\t\t<div class=\"elementor-element elementor-element-3f3c0e44 elementor-widget elementor-widget-text-editor\" data-id=\"3f3c0e44\" data-element_type=\"widget\" data-e-type=\"widget\" data-widget_type=\"text-editor.default\">\n\t\t\t\t<div class=\"elementor-widget-container\">\n\t\t\t\t\t\t\t\t\tMucho m\u00e1s que una prote\u00edna!\r\n\r\n&nbsp;\r\n\r\nPorque tu cuerpo no solo necesita prote\u00edna, exige de m\u00e1s nutrientes para poder funcionar perfectamente. Ve m\u00e1s all\u00e1 de una nutrici\u00f3n esencial e incorpora ingredientes funcionales en tu d\u00eda a d\u00eda.\r\n\r\n47 nutrientes + ingredientes funcionales con enfoque vegano como:\r\n<ul>\r\n \t<li>Prote\u00edna de ch\u00edcharo<\/li>\r\n \t<li>Prote\u00edna de cacahuate<\/li>\r\n \t<li>Fibra de avena y ma\u00edz<\/li>\r\n \t<li>Semilla de cacao<\/li>\r\n \t<li>Omega vegetal<\/li>\r\n \t<li>Probi\u00f3ticos<\/li>\r\n \t<li>Caf\u00e9 verde<\/li>\r\n<\/ul>\r\nY m\u00e1s.\r\nDise\u00f1ado para todos aquellos que buscan un equilibrio en su alimentaci\u00f3n por medio del reino vegetal de manera rica, pr\u00e1ctica y saludable. \u00a1Adem\u00e1s, esta delicioso!\r\n<span style=\"color: #cb2026;\"><strong>SIN:<\/strong><\/span> Maltodextrina ni az\u00facares a\u00f1adidos.\t\t\t\t\t\t\t\t<\/div>\n\t\t\t\t<\/div>\n\t\t\t\t\t<\/div>\n\t\t<\/div>\n\t\t\t\t\t<\/div>\n\t\t<\/section>\n\t\t\t\t<\/div>\n\t\t","protected":false},"excerpt":{"rendered":"<p>Tabla Nutrimental Mucho m\u00e1s que una prote\u00edna! Porque tu cuerpo no solo necesita prote\u00edna, exige de m\u00e1s nutrientes para poder funcionar perfectamente. Ve m\u00e1s all\u00e1 de una nutrici\u00f3n esencial e incorpora ingredientes funcionales en tu d\u00eda a d\u00eda. 47 nutrientes + ingredientes funcionales con enfoque vegano como: Prote\u00edna de ch\u00edcharo Prote\u00edna de cacahuate Fibra de [&hellip;]<\/p>\n","protected":false},"featured_media":3896,"comment_status":"open","ping_status":"closed","template":"","meta":[],"product_brand":[],"product_cat":[50,38,24],"product_tag":[],"class_list":{"0":"post-183","1":"product","2":"type-product","3":"status-publish","4":"has-post-thumbnail","6":"product_cat-control-calorico","7":"product_cat-shake","8":"product_cat-vegan","10":"first","11":"instock","12":"shipping-taxable","13":"purchasable","14":"product-type-simple"},"_links":{"self":[{"href":"https:\/\/myperfectshake.com\/index.php\/wp-json\/wp\/v2\/product\/183","targetHints":{"allow":["GET"]}}],"collection":[{"href":"https:\/\/myperfectshake.com\/index.php\/wp-json\/wp\/v2\/product"}],"about":[{"href":"https:\/\/myperfectshake.com\/index.php\/wp-json\/wp\/v2\/types\/product"}],"replies":[{"embeddable":true,"href":"https:\/\/myperfectshake.com\/index.php\/wp-json\/wp\/v2\/comments?post=183"}],"version-history":[{"count":5,"href":"https:\/\/myperfectshake.com\/index.php\/wp-json\/wp\/v2\/product\/183\/revisions"}],"predecessor-version":[{"id":3899,"href":"https:\/\/myperfectshake.com\/index.php\/wp-json\/wp\/v2\/product\/183\/revisions\/3899"}],"wp:featuredmedia":[{"embeddable":true,"href":"https:\/\/myperfectshake.com\/index.php\/wp-json\/wp\/v2\/media\/3896"}],"wp:attachment":[{"href":"https:\/\/myperfectshake.com\/index.php\/wp-json\/wp\/v2\/media?parent=183"}],"wp:term":[{"taxonomy":"product_brand","embeddable":true,"href":"https:\/\/myperfectshake.com\/index.php\/wp-json\/wp\/v2\/product_brand?post=183"},{"taxonomy":"product_cat","embeddable":true,"href":"https:\/\/myperfectshake.com\/index.php\/wp-json\/wp\/v2\/product_cat?post=183"},{"taxonomy":"product_tag","embeddable":true,"href":"https:\/\/myperfectshake.com\/index.php\/wp-json\/wp\/v2\/product_tag?post=183"}],"curies":[{"name":"wp","href":"https:\/\/api.w.org\/{rel}","templated":true}]}}