{"id":343,"date":"2022-05-10T21:51:19","date_gmt":"2022-05-10T21:51:19","guid":{"rendered":"https:\/\/infinitos.digital\/shake\/?page_id=343"},"modified":"2023-06-15T14:08:20","modified_gmt":"2023-06-15T19:08:20","slug":"aviso-de-privacidad","status":"publish","type":"page","link":"https:\/\/myperfectshake.com\/index.php\/aviso-de-privacidad\/","title":{"rendered":"Aviso de Privacidad"},"content":{"rendered":"\t\t<div data-elementor-type=\"wp-page\" data-elementor-id=\"343\" class=\"elementor elementor-343\" data-elementor-post-type=\"page\">\n\t\t\t\t\t\t<section data-particle_enable=\"false\" data-particle-mobile-disabled=\"false\" class=\"elementor-section elementor-top-section elementor-element elementor-element-4df10ad elementor-section-full_width elementor-section-stretched elementor-section-height-default elementor-section-height-default\" data-id=\"4df10ad\" data-element_type=\"section\" data-e-type=\"section\" data-settings=\"{&quot;stretch_section&quot;:&quot;section-stretched&quot;}\">\n\t\t\t\t\t\t<div class=\"elementor-container elementor-column-gap-default\">\n\t\t\t\t\t<div class=\"elementor-column elementor-col-100 elementor-top-column elementor-element elementor-element-8873f5e\" data-id=\"8873f5e\" data-element_type=\"column\" data-e-type=\"column\">\n\t\t\t<div class=\"elementor-widget-wrap elementor-element-populated\">\n\t\t\t\t\t\t<div class=\"elementor-element elementor-element-66e2562 elementor-widget elementor-widget-text-editor\" data-id=\"66e2562\" data-element_type=\"widget\" data-e-type=\"widget\" data-widget_type=\"text-editor.default\">\n\t\t\t\t<div class=\"elementor-widget-container\">\n\t\t\t\t\t\t\t\t\t<p>AVISO DE PRIVACIDAD<\/p>\t\t\t\t\t\t\t\t<\/div>\n\t\t\t\t<\/div>\n\t\t\t\t\t<\/div>\n\t\t<\/div>\n\t\t\t\t\t<\/div>\n\t\t<\/section>\n\t\t\t\t<section data-particle_enable=\"false\" data-particle-mobile-disabled=\"false\" class=\"elementor-section elementor-top-section elementor-element elementor-element-ae71a45 elementor-section-full_width elementor-section-stretched elementor-section-height-default elementor-section-height-default\" data-id=\"ae71a45\" data-element_type=\"section\" data-e-type=\"section\" data-settings=\"{&quot;stretch_section&quot;:&quot;section-stretched&quot;}\">\n\t\t\t\t\t\t<div class=\"elementor-container elementor-column-gap-default\">\n\t\t\t\t\t<div class=\"elementor-column elementor-col-100 elementor-top-column elementor-element elementor-element-d9666bd\" data-id=\"d9666bd\" data-element_type=\"column\" data-e-type=\"column\">\n\t\t\t<div class=\"elementor-widget-wrap elementor-element-populated\">\n\t\t\t\t\t\t<div class=\"elementor-element elementor-element-c6a39de elementor-widget elementor-widget-text-editor\" data-id=\"c6a39de\" data-element_type=\"widget\" data-e-type=\"widget\" data-widget_type=\"text-editor.default\">\n\t\t\t\t<div class=\"elementor-widget-container\">\n\t\t\t\t\t\t\t\t\t<p>La protecci\u00f3n de sus datos personales es muy importante para\u00a0XIVALJU, S.A. de C.V., raz\u00f3n por la cual este AVISO DE PRIVACIDAD ha sido elaborado para dar cumplimiento a la LEY FEDERAL DE PROTECCION DE DATOS PERSONALES EN POSESION DE PARTICULARES, teniendo como fin informarle el tipo de datos personales que recabamos de usted, como los usamos, manejamos y aprovechamos, y con quien los compartimos.<\/p><p>\u00a0<\/p><p>\u00bfQu\u00e9 datos personales recabamos de usted?<\/p><p>Como cliente de alguno de nuestros servicios de venta, prestaci\u00f3n, importaci\u00f3n y exportaci\u00f3n, por cuenta propia o ajena de toda clase de productos y servicios, comercio electr\u00f3nico y aplicaciones comerciales y de valor agregado, entre otros, le podremos solicitar informaci\u00f3n personal o de su empresa, que var\u00eda seg\u00fan el caso o proyecto, relativa a:<\/p><ul><li><p>Su nombre, domicilio, fecha de nacimiento,<\/p><\/li><li><p>Raz\u00f3n social de su representada, domicilio, objeto social,<\/p><\/li><li><p>Su correo electr\u00f3nico, RFC, CURP, n\u00famero telef\u00f3nico,<\/p><\/li><li><p>Sus datos empresariales, tales como escritura constitutiva, cuentas bancarias, referencias comerciales, activos, estados financieros,<\/p><\/li><li><p>Comprobantes oficiales que acrediten su identidad y la de su representada.<\/p><\/li><\/ul><p>\u00bfPara qu\u00e9 usamos sus datos personales?<\/p><p>Esta empresa recaba sus datos personales y\/o los de su representada para las siguientes finalidades:<\/p><ul><li><p>Confirmar su identidad y la de su representada,<\/p><\/li><li><p>Entender y solventar sus necesidades de asesor\u00eda y servicio en materia de productos y servicios, comercio electr\u00f3nico y aplicaciones comerciales y de valor agregado, entre otros.<\/p><\/li><li><p>Otorgar seguridad y certeza jur\u00eddica y financiera en relaci\u00f3n con los contratos y operaciones que celebre con nosotros, tales como contratos de compraventa de productos y desarrollos.<\/p><\/li><\/ul><p>\u00bfCon qui\u00e9n compartimos su informaci\u00f3n y para que fines?<\/p><p>Sus datos personales solo son obtenidos y tratados por el personal de esta empresa a efecto de elaborar los documentos que son propios de las operaciones comerciales que celebramos con usted y\/o su representada, por lo cual, sus datos personales o empresariales no se transfieren a ning\u00fan tercero ajeno a esta empresa, salvo para el cumplimiento de las obligaciones legales ante las autoridades competentes, tales como autoridades tributarias, laborales y en su caso necesario ante autoridades judiciales.\u00a0<\/p><p>\u00a0<\/p><p>\u00bfC\u00f3mo puede limitar el uso o divulgaci\u00f3n de su informaci\u00f3n personal?<\/p><ul><li><p>Usted puede limitar el uso y divulgaci\u00f3n de su informaci\u00f3n personal a trav\u00e9s de los siguientes medios que tenemos a sus disposici\u00f3n:<\/p><\/li><li><p>Presentando su solicitud escrita personalmente en nuestro domicilio, dirigida al \u00c1rea de Datos Personales de estas oficinas,<\/p><\/li><li><p>Enviando un correo electr\u00f3nico a la siguiente direcci\u00f3n electr\u00f3nica:\u00a0<a href=\"mailto:hola@xivalju.com\" data-auto-recognition=\"true\">hola@xivalju.com<\/a><\/p><\/li><\/ul><p>\u00bfC\u00f3mo acceder, rectificar, cancelar u oponerse al tratamiento de sus datos personales?<\/p><p>El ejercicio de los derechos de acceso, rectificaci\u00f3n, cancelaci\u00f3n y oposici\u00f3n o la revocaci\u00f3n del consentimiento, podr\u00e1n efectuarse presentando solicitud por escrito en nuestro domicilio, dirigida al \u00c1rea de Datos Personales, o bien, v\u00eda correo electr\u00f3nico a\u00a0<a href=\"mailto:hola@xivalju.com\" data-auto-recognition=\"true\">hola@xivalju.com<\/a>, en el entendido de que \u00fanicamente podr\u00e1 ejercer dichos derechos respecto de los que se conserven en la base de datos de esta empresa. \u00a0 \u00a0<\/p><p>\u00a0<\/p><p>\u00bfC\u00f3mo conocer los cambios al presente AVISO DE PRIVACIDAD?<\/p><p>El presente AVISO DE PRIVACIDAD puede sufrir modificaciones, cambios o actualizaciones, por lo que nos comprometemos a mantenerlo informado por este mismo conducto.<\/p><p>\u00a0<\/p><p>\u00bfC\u00f3mo contactarnos?<\/p><p>Si usted tiene alguna duda sobre el presente AVISO DE PRIVACIDAD, puede dirigirla a:<\/p><p>La direcci\u00f3n electr\u00f3nica:\u00a0<a href=\"mailto:hola@xivalju.com\" data-auto-recognition=\"true\">hola@xivalju.com<\/a><\/p><p>Carta dirigida a nuestro domicilio al \u00c1rea de Datos Personales<\/p><p>Ponemos a su disposici\u00f3n copias del presente AVISO DE PRIVACIDAD en nuestro domicilio.<\/p><p>\u00a0<\/p><p>Actualizaciones del AVISO DE PRIVACIDAD<\/p><p>\u00daltima revisi\u00f3n: Marzo de 2021.<\/p><p>XIVALJU, S.A. DE C.V.<\/p><p>Portal de internet: www.myperfectshake.com<\/p>\t\t\t\t\t\t\t\t<\/div>\n\t\t\t\t<\/div>\n\t\t\t\t\t<\/div>\n\t\t<\/div>\n\t\t\t\t\t<\/div>\n\t\t<\/section>\n\t\t\t\t<\/div>\n\t\t","protected":false},"excerpt":{"rendered":"<p>AVISO DE PRIVACIDAD La protecci\u00f3n de sus datos personales es muy importante para\u00a0XIVALJU, S.A. de C.V., raz\u00f3n por la cual este AVISO DE PRIVACIDAD ha sido elaborado para dar cumplimiento a la LEY FEDERAL DE PROTECCION DE DATOS PERSONALES EN POSESION DE PARTICULARES, teniendo como fin informarle el tipo de datos personales que recabamos de [&hellip;]<\/p>\n","protected":false},"author":1,"featured_media":0,"parent":0,"menu_order":0,"comment_status":"closed","ping_status":"closed","template":"elementor_header_footer","meta":{"footnotes":""},"class_list":["post-343","page","type-page","status-publish","hentry"],"_links":{"self":[{"href":"https:\/\/myperfectshake.com\/index.php\/wp-json\/wp\/v2\/pages\/343","targetHints":{"allow":["GET"]}}],"collection":[{"href":"https:\/\/myperfectshake.com\/index.php\/wp-json\/wp\/v2\/pages"}],"about":[{"href":"https:\/\/myperfectshake.com\/index.php\/wp-json\/wp\/v2\/types\/page"}],"author":[{"embeddable":true,"href":"https:\/\/myperfectshake.com\/index.php\/wp-json\/wp\/v2\/users\/1"}],"replies":[{"embeddable":true,"href":"https:\/\/myperfectshake.com\/index.php\/wp-json\/wp\/v2\/comments?post=343"}],"version-history":[{"count":16,"href":"https:\/\/myperfectshake.com\/index.php\/wp-json\/wp\/v2\/pages\/343\/revisions"}],"predecessor-version":[{"id":2968,"href":"https:\/\/myperfectshake.com\/index.php\/wp-json\/wp\/v2\/pages\/343\/revisions\/2968"}],"wp:attachment":[{"href":"https:\/\/myperfectshake.com\/index.php\/wp-json\/wp\/v2\/media?parent=343"}],"curies":[{"name":"wp","href":"https:\/\/api.w.org\/{rel}","templated":true}]}}