{"id":2319,"date":"2023-04-29T22:48:20","date_gmt":"2023-04-30T03:48:20","guid":{"rendered":"https:\/\/myperfectshake.com\/?page_id=2319"},"modified":"2023-07-25T17:26:59","modified_gmt":"2023-07-25T22:26:59","slug":"distribuidores","status":"publish","type":"page","link":"https:\/\/myperfectshake.com\/index.php\/distribuidores\/","title":{"rendered":"Distribuidores"},"content":{"rendered":"\t\t<div data-elementor-type=\"wp-page\" data-elementor-id=\"2319\" class=\"elementor elementor-2319\" data-elementor-post-type=\"page\">\n\t\t\t\t\t\t<section data-particle_enable=\"false\" data-particle-mobile-disabled=\"false\" class=\"elementor-section elementor-top-section elementor-element elementor-element-d1f44b1 elementor-section-full_width elementor-section-stretched elementor-section-height-default elementor-section-height-default\" data-id=\"d1f44b1\" data-element_type=\"section\" data-e-type=\"section\" data-settings=\"{&quot;stretch_section&quot;:&quot;section-stretched&quot;}\">\n\t\t\t\t\t\t<div class=\"elementor-container elementor-column-gap-no\">\n\t\t\t\t\t<div class=\"elementor-column elementor-col-50 elementor-top-column elementor-element elementor-element-87f915b\" data-id=\"87f915b\" data-element_type=\"column\" data-e-type=\"column\">\n\t\t\t<div class=\"elementor-widget-wrap elementor-element-populated\">\n\t\t\t\t\t\t<div class=\"elementor-element elementor-element-582d141 elementor-widget elementor-widget-image\" data-id=\"582d141\" data-element_type=\"widget\" data-e-type=\"widget\" data-widget_type=\"image.default\">\n\t\t\t\t<div class=\"elementor-widget-container\">\n\t\t\t\t\t\t\t\t\t\t\t\t\t\t\t<img fetchpriority=\"high\" decoding=\"async\" width=\"500\" height=\"500\" src=\"https:\/\/myperfectshake.com\/wp-content\/uploads\/2023\/05\/Diseno-sin-titulo-21.png\" class=\"attachment-full size-full wp-image-2591\" alt=\"\" srcset=\"https:\/\/myperfectshake.com\/wp-content\/uploads\/2023\/05\/Diseno-sin-titulo-21.png 500w, https:\/\/myperfectshake.com\/wp-content\/uploads\/2023\/05\/Diseno-sin-titulo-21-300x300.png 300w, https:\/\/myperfectshake.com\/wp-content\/uploads\/2023\/05\/Diseno-sin-titulo-21-150x150.png 150w, https:\/\/myperfectshake.com\/wp-content\/uploads\/2023\/05\/Diseno-sin-titulo-21-200x200.png 200w, https:\/\/myperfectshake.com\/wp-content\/uploads\/2023\/05\/Diseno-sin-titulo-21-100x100.png 100w\" sizes=\"(max-width: 500px) 100vw, 500px\" \/>\t\t\t\t\t\t\t\t\t\t\t\t\t\t\t<\/div>\n\t\t\t\t<\/div>\n\t\t\t\t\t<\/div>\n\t\t<\/div>\n\t\t\t\t<div class=\"elementor-column elementor-col-50 elementor-top-column elementor-element elementor-element-9511049\" data-id=\"9511049\" data-element_type=\"column\" data-e-type=\"column\">\n\t\t\t<div class=\"elementor-widget-wrap elementor-element-populated\">\n\t\t\t\t\t\t<div class=\"elementor-element elementor-element-67ed915 elementor-widget elementor-widget-heading\" data-id=\"67ed915\" data-element_type=\"widget\" data-e-type=\"widget\" data-widget_type=\"heading.default\">\n\t\t\t\t<div class=\"elementor-widget-container\">\n\t\t\t\t\t<h2 class=\"elementor-heading-title elementor-size-default\">Let's Work<\/h2>\t\t\t\t<\/div>\n\t\t\t\t<\/div>\n\t\t\t\t<div class=\"elementor-element elementor-element-90dfbac elementor-widget elementor-widget-heading\" data-id=\"90dfbac\" data-element_type=\"widget\" data-e-type=\"widget\" data-widget_type=\"heading.default\">\n\t\t\t\t<div class=\"elementor-widget-container\">\n\t\t\t\t\t<h4 class=\"elementor-heading-title elementor-size-default\">TOGETHER<\/h4>\t\t\t\t<\/div>\n\t\t\t\t<\/div>\n\t\t\t\t<div class=\"elementor-element elementor-element-50221d4 elementor-align-center botonDistribuidor elementor-widget elementor-widget-button\" data-id=\"50221d4\" data-element_type=\"widget\" data-e-type=\"widget\" data-widget_type=\"button.default\">\n\t\t\t\t<div class=\"elementor-widget-container\">\n\t\t\t\t\t\t\t\t\t<div class=\"elementor-button-wrapper\">\n\t\t\t\t\t<a class=\"elementor-button elementor-button-link elementor-size-sm\" href=\"#elementor-action%3Aaction%3Dpopup%3Aopen%26settings%3DeyJpZCI6IjI2OTUiLCJ0b2dnbGUiOmZhbHNlfQ%3D%3D\">\n\t\t\t\t\t\t<span class=\"elementor-button-content-wrapper\">\n\t\t\t\t\t\t<span class=\"elementor-button-icon\">\n\t\t\t\t<svg xmlns=\"http:\/\/www.w3.org\/2000\/svg\" xmlns:xlink=\"http:\/\/www.w3.org\/1999\/xlink\" width=\"300\" zoomAndPan=\"magnify\" viewBox=\"0 0 224.87999 225\" height=\"300\" preserveAspectRatio=\"xMidYMid meet\"><defs><clipPath id=\"f24c27df67\"><path d=\"M 6 23 L 221 23 L 221 184 L 6 184 Z M 6 23 \" clip-rule=\"nonzero\"><\/path><\/clipPath><clipPath id=\"f5f40451b8\"><path d=\"M -13.636719 61.644531 L 99.148438 -22.855469 L 238.476562 163.117188 L 125.695312 247.617188 Z M -13.636719 61.644531 \" clip-rule=\"nonzero\"><\/path><\/clipPath><clipPath id=\"37a0b1561d\"><path d=\"M -13.636719 61.644531 L 99.148438 -22.855469 L 238.476562 163.117188 L 125.695312 247.617188 Z M -13.636719 61.644531 \" clip-rule=\"nonzero\"><\/path><\/clipPath><\/defs><g clip-path=\"url(#f24c27df67)\"><g clip-path=\"url(#f5f40451b8)\"><g clip-path=\"url(#37a0b1561d)\"><path fill=\"#83ac99\" d=\"M 28.773438 31.636719 C 27.503906 31.457031 26.21875 31.785156 25.191406 32.554688 C 24.167969 33.324219 23.488281 34.464844 23.304688 35.734375 C 23.121094 37 23.449219 38.285156 24.21875 39.308594 L 32.890625 50.886719 C 33.65625 51.910156 34.800781 52.585938 36.066406 52.765625 C 37.335938 52.949219 38.621094 52.617188 39.648438 51.847656 C 40.671875 51.082031 41.351562 49.9375 41.535156 48.671875 C 41.71875 47.402344 41.386719 46.117188 40.621094 45.09375 L 31.949219 33.515625 C 31.179688 32.492188 30.039062 31.816406 28.773438 31.636719 Z M 93.671875 45.761719 C 93.851562 44.492188 93.523438 43.207031 92.757812 42.183594 C 91.992188 41.160156 90.847656 40.484375 89.582031 40.304688 C 88.3125 40.121094 87.027344 40.453125 86 41.222656 L 74.40625 49.910156 C 73.378906 50.675781 72.703125 51.820312 72.519531 53.085938 C 72.335938 54.355469 72.664062 55.640625 73.429688 56.664062 C 74.199219 57.6875 75.339844 58.363281 76.605469 58.542969 C 77.875 58.726562 79.160156 58.394531 80.1875 57.628906 L 91.785156 48.9375 C 92.808594 48.171875 93.488281 47.027344 93.671875 45.761719 Z M 35.6875 89.203125 C 35.871094 87.933594 35.542969 86.648438 34.777344 85.625 C 34.007812 84.601562 32.867188 83.925781 31.597656 83.746094 C 30.332031 83.5625 29.042969 83.894531 28.019531 84.660156 L 16.421875 93.351562 C 15.398438 94.117188 14.71875 95.261719 14.535156 96.527344 C 14.351562 97.796875 14.679688 99.082031 15.449219 100.105469 C 16.214844 101.128906 17.355469 101.804688 18.625 101.984375 C 19.890625 102.164062 21.179688 101.835938 22.203125 101.066406 L 33.800781 92.378906 C 34.828125 91.613281 35.503906 90.46875 35.6875 89.203125 Z M 28.324219 70.917969 C 29.351562 70.148438 30.027344 69.007812 30.210938 67.738281 C 30.394531 66.472656 30.066406 65.1875 29.300781 64.164062 C 28.53125 63.140625 27.390625 62.464844 26.125 62.28125 L 11.796875 60.238281 C 10.527344 60.058594 9.242188 60.386719 8.214844 61.15625 C 7.191406 61.925781 6.511719 63.070312 6.328125 64.335938 C 6.148438 65.601562 6.476562 66.890625 7.242188 67.914062 C 8.011719 68.9375 9.15625 69.613281 10.421875 69.792969 L 24.746094 71.835938 C 26.011719 72.015625 27.300781 71.683594 28.324219 70.917969 Z M 44.042969 117.027344 C 44.808594 118.046875 45.949219 118.726562 47.21875 118.90625 C 47.84375 118.996094 48.484375 118.960938 49.097656 118.804688 C 49.714844 118.648438 50.292969 118.371094 50.800781 117.988281 C 51.308594 117.609375 51.738281 117.132812 52.058594 116.585938 C 52.382812 116.039062 52.597656 115.4375 52.6875 114.808594 L 54.75 100.484375 C 54.851562 99.851562 54.828125 99.203125 54.679688 98.582031 C 54.527344 97.960938 54.253906 97.375 53.875 96.859375 C 53.496094 96.34375 53.015625 95.90625 52.46875 95.578125 C 51.917969 95.25 51.308594 95.035156 50.675781 94.945312 C 50.039062 94.851562 49.394531 94.890625 48.773438 95.050781 C 48.152344 95.214844 47.570312 95.496094 47.058594 95.886719 C 46.550781 96.273438 46.121094 96.761719 45.800781 97.316406 C 45.484375 97.871094 45.277344 98.488281 45.195312 99.121094 L 43.128906 113.449219 C 42.945312 114.714844 43.273438 116.003906 44.042969 117.027344 Z M 54.371094 45.378906 C 55.140625 46.402344 56.28125 47.078125 57.546875 47.257812 C 58.816406 47.4375 60.101562 47.109375 61.128906 46.339844 C 62.152344 45.574219 62.832031 44.429688 63.015625 43.164062 L 65.082031 28.835938 C 65.261719 27.570312 64.933594 26.28125 64.167969 25.257812 C 63.398438 24.234375 62.257812 23.558594 60.988281 23.378906 C 59.722656 23.199219 58.433594 23.53125 57.410156 24.296875 C 56.382812 25.066406 55.707031 26.210938 55.523438 27.476562 L 53.460938 41.800781 C 53.277344 43.070312 53.605469 44.355469 54.371094 45.378906 Z M 161.703125 122.425781 C 156.480469 119.019531 156.054688 111.53125 160.855469 107.542969 L 173.769531 96.8125 C 179.996094 91.636719 177.074219 81.539062 169.050781 80.503906 L 65.621094 67.195312 C 57.925781 66.203125 52.476562 74.539062 56.484375 81.175781 L 110.261719 170.289062 C 114.433594 177.203125 124.851562 175.824219 127.101562 168.058594 L 131.789062 151.882812 C 133.523438 145.902344 140.546875 143.289062 145.761719 146.683594 L 200.578125 182.398438 C 204.859375 185.1875 210.59375 183.980469 213.398438 179.699219 L 219.136719 170.9375 C 221.945312 166.652344 220.746094 160.90625 216.457031 158.113281 Z M 161.703125 122.425781 \" fill-opacity=\"1\" fill-rule=\"evenodd\"><\/path><\/g><\/g><\/g><\/svg>\t\t\t<\/span>\n\t\t\t\t\t\t\t\t\t<span class=\"elementor-button-text\">Quiero ser distribuidor<\/span>\n\t\t\t\t\t<\/span>\n\t\t\t\t\t<\/a>\n\t\t\t\t<\/div>\n\t\t\t\t\t\t\t\t<\/div>\n\t\t\t\t<\/div>\n\t\t\t\t<div class=\"elementor-element elementor-element-756d276 elementor-widget elementor-widget-eael-testimonial-slider\" data-id=\"756d276\" data-element_type=\"widget\" data-e-type=\"widget\" data-settings=\"{&quot;items&quot;:{&quot;unit&quot;:&quot;px&quot;,&quot;size&quot;:2,&quot;sizes&quot;:[]},&quot;items_tablet&quot;:{&quot;unit&quot;:&quot;px&quot;,&quot;size&quot;:1,&quot;sizes&quot;:[]},&quot;items_mobile&quot;:{&quot;unit&quot;:&quot;px&quot;,&quot;size&quot;:1,&quot;sizes&quot;:[]},&quot;slide_items&quot;:{&quot;unit&quot;:&quot;px&quot;,&quot;size&quot;:1,&quot;sizes&quot;:[]},&quot;slide_items_tablet&quot;:{&quot;unit&quot;:&quot;px&quot;,&quot;size&quot;:1,&quot;sizes&quot;:[]},&quot;slide_items_mobile&quot;:{&quot;unit&quot;:&quot;px&quot;,&quot;size&quot;:1,&quot;sizes&quot;:[]}}\" data-widget_type=\"eael-testimonial-slider.default\">\n\t\t\t\t<div class=\"elementor-widget-container\">\n\t\t\t\t\t\n        <div class=\"swiper-container-wrap swiper-container-wrap-dots-outside eael-testimonial-slider icon-img-left-content\" id=\"eael-testimonial-756d276\">\n\t\t\t            <div class=\"swiper swiper-8 eael-testimonial-slider-main swiper-container-756d276\" data-pagination=\".swiper-pagination-756d276\" data-arrow-next=\".swiper-button-next-756d276\" data-arrow-prev=\".swiper-button-prev-756d276\" data-items=\"2\" data-items-tablet=\"1\" data-items-mobile=\"1\" data-slide-items=\"1\" data-slide-items-tablet=\"1\" data-slide-items-mobile=\"1\" data-margin=\"10\" data-effect=\"slide\" data-speed=\"1000\" data-loop=\"1\" data-dots=\"1\" data-autoplay_speed=\"3000\" data-pause-on-hover=\"true\">\n\n                <div class=\"swiper-wrapper\">\n\t\t\t\t\t\t\t\t\t\t\t\t<div class=\"eael-testimonial-item clearfix swiper-slide  eael-testimonial-align-left\">\n\t\t\t\t\t\t\t\t<div class=\"eael-testimonial-item-inner clearfix\">\n\t\t\t\t\t\t\t\t\t\t\t\t\t\t\t\t\t\t<div class=\"eael-testimonial-content rating-five\" style=\"width: 100%; height: 180px;\">\n\t\t\t\t\t\t\t\t\t\t<span class=\"eael-testimonial-quote\"><\/span><div class=\"eael-testimonial-text \"><p><span class=\"WdYUQQ\">\u00a1Excelentes productos! Vendo ropa deportiva y suplementos en Internet y estos son los que m\u00e1s me solicitan por su contenido, calidad de ingredientes, sabor y son muy accesibles al bolsillo.<\/span><\/p><\/div>        <ul class=\"testimonial-star-rating\">\n            <li><i class=\"fa fa-star\" aria-hidden=\"true\"><\/i><\/li>\n            <li><i class=\"fa fa-star\" aria-hidden=\"true\"><\/i><\/li>\n            <li><i class=\"fa fa-star\" aria-hidden=\"true\"><\/i><\/li>\n            <li><i class=\"fa fa-star\" aria-hidden=\"true\"><\/i><\/li>\n            <li><i class=\"fa fa-star\" aria-hidden=\"true\"><\/i><\/li>\n        <\/ul>\n\t\t        <p class=\"eael-testimonial-user\" >MARIA CASTA\u00d1EDA<\/p>\n        <p class=\"eael-testimonial-user-company\"><\/p>\n\t\t\t\t\t\t\t\t\t\t\t<\/div>\n\t\t\t\t\t\t\t\t<\/div>\n\t\t\t\t\t\t\t<\/div>\n\t\t\t\t\t\t\t\t\t\t\t\t\t\t<div class=\"eael-testimonial-item clearfix swiper-slide  eael-testimonial-align-left\">\n\t\t\t\t\t\t\t\t<div class=\"eael-testimonial-item-inner clearfix\">\n\t\t\t\t\t\t\t\t\t\t\t\t\t\t\t\t\t\t<div class=\"eael-testimonial-content rating-five\" style=\"width: 100%; height: 180px;\">\n\t\t\t\t\t\t\t\t\t\t<span class=\"eael-testimonial-quote\"><\/span><div class=\"eael-testimonial-text \"><p><span class=\"WdYUQQ\">Tengo un coworking y es lo que ofrezco como snack pr\u00e1cticos, f\u00e1ciles de preparar y saludables.<\/span><\/p><\/div>        <ul class=\"testimonial-star-rating\">\n            <li><i class=\"fa fa-star\" aria-hidden=\"true\"><\/i><\/li>\n            <li><i class=\"fa fa-star\" aria-hidden=\"true\"><\/i><\/li>\n            <li><i class=\"fa fa-star\" aria-hidden=\"true\"><\/i><\/li>\n            <li><i class=\"fa fa-star\" aria-hidden=\"true\"><\/i><\/li>\n            <li><i class=\"fa fa-star\" aria-hidden=\"true\"><\/i><\/li>\n        <\/ul>\n\t\t        <p class=\"eael-testimonial-user\" >RACHELLE BEA<\/p>\n        <p class=\"eael-testimonial-user-company\"><\/p>\n\t\t\t\t\t\t\t\t\t\t\t<\/div>\n\t\t\t\t\t\t\t\t<\/div>\n\t\t\t\t\t\t\t<\/div>\n\t\t\t\t\t\t\t\t\t\t\t\t\t\t<div class=\"eael-testimonial-item clearfix swiper-slide  eael-testimonial-align-left\">\n\t\t\t\t\t\t\t\t<div class=\"eael-testimonial-item-inner clearfix\">\n\t\t\t\t\t\t\t\t\t\t\t\t\t\t\t\t\t\t<div class=\"eael-testimonial-content rating-five\" style=\"width: 100%; height: 180px;\">\n\t\t\t\t\t\t\t\t\t\t<span class=\"eael-testimonial-quote\"><\/span><div class=\"eael-testimonial-text \"><p><span class=\"WdYUQQ\">Soy coach y tengo un restaurante saludable, complemento las rutinas y los men\u00fas con los suplementos de My Perfect Shake, hay mucha variedad y paquetes<\/span><\/p><\/div>        <ul class=\"testimonial-star-rating\">\n            <li><i class=\"fa fa-star\" aria-hidden=\"true\"><\/i><\/li>\n            <li><i class=\"fa fa-star\" aria-hidden=\"true\"><\/i><\/li>\n            <li><i class=\"fa fa-star\" aria-hidden=\"true\"><\/i><\/li>\n            <li><i class=\"fa fa-star\" aria-hidden=\"true\"><\/i><\/li>\n            <li><i class=\"fa fa-star\" aria-hidden=\"true\"><\/i><\/li>\n        <\/ul>\n\t\t        <p class=\"eael-testimonial-user\" >ENRIQUE RODR\u00cdGUEZ<\/p>\n        <p class=\"eael-testimonial-user-company\"><\/p>\n\t\t\t\t\t\t\t\t\t\t\t<\/div>\n\t\t\t\t\t\t\t\t<\/div>\n\t\t\t\t\t\t\t<\/div>\n\t\t\t\t\t\t\t                <\/div>\n\t\t\t\t            <!-- Add Pagination -->\n            <div class=\"swiper-pagination swiper-pagination-756d276\"><\/div>\n\t\t            <\/div>\n\t\t\t        <\/div>\n\n\t\t\t\t\t\t<\/div>\n\t\t\t\t<\/div>\n\t\t\t\t\t<\/div>\n\t\t<\/div>\n\t\t\t\t\t<\/div>\n\t\t<\/section>\n\t\t\t\t<\/div>\n\t\t","protected":false},"excerpt":{"rendered":"<p>Let&#8217;s Work TOGETHER Quiero ser distribuidor \u00a1Excelentes productos! Vendo ropa deportiva y suplementos en Internet y estos son los que m\u00e1s me solicitan por su contenido, calidad de ingredientes, sabor y son muy accesibles al bolsillo. MARIA CASTA\u00d1EDA Tengo un coworking y es lo que ofrezco como snack pr\u00e1cticos, f\u00e1ciles de preparar y saludables. RACHELLE [&hellip;]<\/p>\n","protected":false},"author":1,"featured_media":0,"parent":0,"menu_order":0,"comment_status":"closed","ping_status":"closed","template":"elementor_header_footer","meta":{"footnotes":""},"class_list":["post-2319","page","type-page","status-publish","hentry"],"_links":{"self":[{"href":"https:\/\/myperfectshake.com\/index.php\/wp-json\/wp\/v2\/pages\/2319","targetHints":{"allow":["GET"]}}],"collection":[{"href":"https:\/\/myperfectshake.com\/index.php\/wp-json\/wp\/v2\/pages"}],"about":[{"href":"https:\/\/myperfectshake.com\/index.php\/wp-json\/wp\/v2\/types\/page"}],"author":[{"embeddable":true,"href":"https:\/\/myperfectshake.com\/index.php\/wp-json\/wp\/v2\/users\/1"}],"replies":[{"embeddable":true,"href":"https:\/\/myperfectshake.com\/index.php\/wp-json\/wp\/v2\/comments?post=2319"}],"version-history":[{"count":7,"href":"https:\/\/myperfectshake.com\/index.php\/wp-json\/wp\/v2\/pages\/2319\/revisions"}],"predecessor-version":[{"id":3101,"href":"https:\/\/myperfectshake.com\/index.php\/wp-json\/wp\/v2\/pages\/2319\/revisions\/3101"}],"wp:attachment":[{"href":"https:\/\/myperfectshake.com\/index.php\/wp-json\/wp\/v2\/media?parent=2319"}],"curies":[{"name":"wp","href":"https:\/\/api.w.org\/{rel}","templated":true}]}}