{"id":2058,"date":"2023-03-13T11:29:36","date_gmt":"2023-03-13T16:29:36","guid":{"rendered":"https:\/\/myperfectshake.com\/?page_id=2058"},"modified":"2023-06-15T14:11:00","modified_gmt":"2023-06-15T19:11:00","slug":"politica-de-devoluciones-y-reembolsos","status":"publish","type":"page","link":"https:\/\/myperfectshake.com\/index.php\/politica-de-devoluciones-y-reembolsos\/","title":{"rendered":"Pol\u00edtica de devoluciones y reembolsos"},"content":{"rendered":"\t\t<div data-elementor-type=\"wp-page\" data-elementor-id=\"2058\" class=\"elementor elementor-2058\" data-elementor-post-type=\"page\">\n\t\t\t\t\t\t<section data-particle_enable=\"false\" data-particle-mobile-disabled=\"false\" class=\"elementor-section elementor-top-section elementor-element elementor-element-40d0bd8 elementor-section-boxed elementor-section-height-default elementor-section-height-default\" data-id=\"40d0bd8\" data-element_type=\"section\" data-e-type=\"section\">\n\t\t\t\t\t\t<div class=\"elementor-container elementor-column-gap-default\">\n\t\t\t\t\t<div class=\"elementor-column elementor-col-100 elementor-top-column elementor-element elementor-element-912fd7e\" data-id=\"912fd7e\" data-element_type=\"column\" data-e-type=\"column\">\n\t\t\t<div class=\"elementor-widget-wrap elementor-element-populated\">\n\t\t\t\t\t\t<div class=\"elementor-element elementor-element-cc7b0c6 elementor-widget elementor-widget-heading\" data-id=\"cc7b0c6\" data-element_type=\"widget\" data-e-type=\"widget\" data-widget_type=\"heading.default\">\n\t\t\t\t<div class=\"elementor-widget-container\">\n\t\t\t\t\t<h2 class=\"elementor-heading-title elementor-size-default\">Pol\u00edtica de devoluci\u00f3n y reembolso<\/h2>\t\t\t\t<\/div>\n\t\t\t\t<\/div>\n\t\t\t\t<div class=\"elementor-element elementor-element-629c613 elementor-widget elementor-widget-text-editor\" data-id=\"629c613\" data-element_type=\"widget\" data-e-type=\"widget\" data-widget_type=\"text-editor.default\">\n\t\t\t\t<div class=\"elementor-widget-container\">\n\t\t\t\t\t\t\t\t\t<ul><li>No se cuenta con devoluciones de productos entregados<\/li><\/ul><p>Solo se hacen cambios en los siguientes casos.<\/p><p>Producto interno del paquete este da\u00f1ado o alterado<\/p><p>Producto equivocado.<\/p><p>Producto en mal estado o vencido.<\/p><p>1.- El plazo para solicitor cualquier cambio de Productos ser\u00e1 __1__ d\u00eda h\u00e1bil, contados a partir de la recepci\u00f3n del pedido, debiendo enviarse un correo de aclaraci\u00f3n en forma inmediata a que haya sido recibido el Producto a: atencionaclientes@myperfectshake.com\u00a0<\/p><p>2.- Si se desea realizar un cambio, se deber\u00e1 enviar un email a atencionaclientes@myperfectshake.com indicando:<\/p><ul><li>N\u00famero de pedido.<\/li><li>Nombre completo.<\/li><li>Direcci\u00f3n de entrega.<\/li><li>Motivo de cambio.<\/li><li>Fotograf\u00eda de evidencia.<\/li><li>N\u00famero de lote. Con fotograf\u00eda del mismo<\/li><\/ul><p>Al recibirse la solicitud de aclaraci\u00f3n, uno de nuestros colaboradores se pondr\u00e1 en contacto para gestionar la incidencia.<\/p><ol start=\"3\"><li>El tiempo estimado para respuesta m\u00e1ximo ser\u00e1 de _7_ d\u00edas h\u00e1biles.<\/li><\/ol><ol start=\"4\"><li>Una vez que se valide el estado del Producto y las condiciones de compra, se proceder\u00e1 a<\/li><\/ol><p>realizar el cambio de producto.<\/p><ol start=\"5\"><li>En ning\u00fan caso se realizar\u00e1n reembolsos.<\/li><\/ol><ol start=\"6\"><li>En ning\u00fan caso nos hacemos responsables de los Productos devueltos o perdidos en tr\u00e1nsito de paqueter\u00eda.<\/li><\/ol><p>CONTACTO<\/p><p>Mail de contacto atencionaclientes@myperfectshake.com<\/p><p>\u00a0<\/p>\t\t\t\t\t\t\t\t<\/div>\n\t\t\t\t<\/div>\n\t\t\t\t\t<\/div>\n\t\t<\/div>\n\t\t\t\t\t<\/div>\n\t\t<\/section>\n\t\t\t\t<\/div>\n\t\t","protected":false},"excerpt":{"rendered":"<p>Pol\u00edtica de devoluci\u00f3n y reembolso No se cuenta con devoluciones de productos entregados Solo se hacen cambios en los siguientes casos. Producto interno del paquete este da\u00f1ado o alterado Producto equivocado. Producto en mal estado o vencido. 1.- El plazo para solicitor cualquier cambio de Productos ser\u00e1 __1__ d\u00eda h\u00e1bil, contados a partir de la [&hellip;]<\/p>\n","protected":false},"author":1,"featured_media":0,"parent":0,"menu_order":0,"comment_status":"closed","ping_status":"closed","template":"elementor_header_footer","meta":{"footnotes":""},"class_list":["post-2058","page","type-page","status-publish","hentry"],"_links":{"self":[{"href":"https:\/\/myperfectshake.com\/index.php\/wp-json\/wp\/v2\/pages\/2058","targetHints":{"allow":["GET"]}}],"collection":[{"href":"https:\/\/myperfectshake.com\/index.php\/wp-json\/wp\/v2\/pages"}],"about":[{"href":"https:\/\/myperfectshake.com\/index.php\/wp-json\/wp\/v2\/types\/page"}],"author":[{"embeddable":true,"href":"https:\/\/myperfectshake.com\/index.php\/wp-json\/wp\/v2\/users\/1"}],"replies":[{"embeddable":true,"href":"https:\/\/myperfectshake.com\/index.php\/wp-json\/wp\/v2\/comments?post=2058"}],"version-history":[{"count":13,"href":"https:\/\/myperfectshake.com\/index.php\/wp-json\/wp\/v2\/pages\/2058\/revisions"}],"predecessor-version":[{"id":2974,"href":"https:\/\/myperfectshake.com\/index.php\/wp-json\/wp\/v2\/pages\/2058\/revisions\/2974"}],"wp:attachment":[{"href":"https:\/\/myperfectshake.com\/index.php\/wp-json\/wp\/v2\/media?parent=2058"}],"curies":[{"name":"wp","href":"https:\/\/api.w.org\/{rel}","templated":true}]}}