{"id":1339,"date":"2022-09-15T10:37:28","date_gmt":"2022-09-15T15:37:28","guid":{"rendered":"https:\/\/myperfectshake.com\/?page_id=1339"},"modified":"2022-09-15T11:10:11","modified_gmt":"2022-09-15T16:10:11","slug":"preguntas-frecuentes","status":"publish","type":"page","link":"https:\/\/myperfectshake.com\/index.php\/preguntas-frecuentes\/","title":{"rendered":"Preguntas Frecuentes"},"content":{"rendered":"\t\t<div data-elementor-type=\"wp-page\" data-elementor-id=\"1339\" class=\"elementor elementor-1339\" data-elementor-post-type=\"page\">\n\t\t\t\t\t\t<section data-particle_enable=\"false\" data-particle-mobile-disabled=\"false\" class=\"elementor-section elementor-top-section elementor-element elementor-element-1ad84af elementor-section-full_width elementor-section-stretched elementor-section-height-default elementor-section-height-default\" data-id=\"1ad84af\" data-element_type=\"section\" data-e-type=\"section\" data-settings=\"{&quot;stretch_section&quot;:&quot;section-stretched&quot;}\">\n\t\t\t\t\t\t<div class=\"elementor-container elementor-column-gap-default\">\n\t\t\t\t\t<div class=\"elementor-column elementor-col-100 elementor-top-column elementor-element elementor-element-271d07d\" data-id=\"271d07d\" data-element_type=\"column\" data-e-type=\"column\">\n\t\t\t<div class=\"elementor-widget-wrap elementor-element-populated\">\n\t\t\t\t\t\t<div class=\"elementor-element elementor-element-893125c elementor-widget elementor-widget-shortcode\" data-id=\"893125c\" data-element_type=\"widget\" data-e-type=\"widget\" data-widget_type=\"shortcode.default\">\n\t\t\t\t<div class=\"elementor-widget-container\">\n\t\t\t\t\t\t\t<div class=\"elementor-shortcode\">\t\t\t<div class=\"yith-faqs\">\n\n\t\t\t\t\n\t\t\t\t\t<div class=\"yith-faqs-search\">\n\t\t\t\t\t\t<div class=\"yith-faqs-search-container\">\n\t\t\t\t\t\t\t<div class=\"yith-faqs-search-input\">\n\t\t\t\t\t\t\t\t<label class=\"screen-reader-text\">Search FAQ<\/label>\n\t\t\t\t\t\t\t\t<input type=\"text\" value=\"\" name=\"search\" placeholder=\"Search FAQ\" \/>\n\t\t\t\t\t\t\t<\/div>\n\t\t\t\t\t\t\t<div class=\"yith-faqs-search-button\">\n\t\t\t\t\t\t\t\t<button type=\"submit\"><i class=\"yfwp-search\"><\/i><\/button>\n\t\t\t\t\t\t\t<\/div>\n\t\t\t\t\t\t<\/div>\n\t\t\t\t\t\t<div class=\"yith-faqs-reset-container\">\n\t\t\t\t\t\t\t<a class=\"yith-faqs-reset\" href=\"https:\/\/myperfectshake.com\/index.php\/preguntas-frecuentes\/\">Reset<\/a>\n\t\t\t\t\t\t<\/div>\n\t\t\t\t\t<\/div>\n\n\t\t\t\t\n\t\t\t\t\n\t\t\t\t<div id=\"yith-faqs-container\" class=\"yith-faqs-container yith-faq-type-accordion\">\n\n\t\t\t\t\t\n\t\t\t\t\t\n\t\t\t\t\t\t\t\t\t\t\t\t<div id=\"faq-1357\" class=\"yith-faqs-item\">\n\t\t\t\t\t\t\t<div class=\"yith-faqs-title icon-right\" >\n\t\t\t\t\t\t\t\t\t\t\t\t\t\t\t\t\t<div class=\"icon yfwp-chevron-down\" ><\/div>\n\t\t\t\t\t\t\t\t\t\t\t\t\t\t\t\t<b>\u00bfC\u00f3mo uso MPS si hago ejercicio?<\/b>\n\t\t\t\t\t\t\t<\/div>\n\t\t\t\t\t\t\t<div class=\"yith-faqs-content-wrapper\">\n\t\t\t\t\t\t\t\t<div class=\"yith-faqs-content\">\n\t\t\t\t\t\t\t\t\t<p>Al ser un producto balanceado, puedes tomarlo como colaci\u00f3n antes o despu\u00e9s del entrenamiento.<\/p>\n\t\t\t\t\t\t\t\t<\/div>\n\t\t\t\t\t\t\t\t<div class=\"yith-faqs-link\">\n\t\t\t\t\t\t\t\t\t<a class=\"yith-faqs-copy\" href=\"#\" data-faq=\"https:\/\/myperfectshake.com\/index.php\/preguntas-frecuentes\/#faq-1357\">\n\t\t\t\t\t\t\t\t\t\t<span>\n\t\t\t\t\t\t\t\t\t\t\t<span class=\"hover-text\">Copy FAQ Link<\/span>\n\t\t\t\t\t\t\t\t\t\t\t<span class=\"success-text\">Copied!<\/span>\n\t\t\t\t\t\t\t\t\t\t<\/span>\n\t\t\t\t\t\t\t\t\t\t<i class=\"yfwp-link\"><\/i>\n\t\t\t\t\t\t\t\t\t<\/a>\n\t\t\t\t\t\t\t\t<\/div>\n\t\t\t\t\t\t\t<\/div>\n\t\t\t\t\t\t<\/div>\n\n\t\t\t\t\t\n\t\t\t\t\t\t\t\t\t\t\t\t<div id=\"faq-1356\" class=\"yith-faqs-item\">\n\t\t\t\t\t\t\t<div class=\"yith-faqs-title icon-right\" >\n\t\t\t\t\t\t\t\t\t\t\t\t\t\t\t\t\t<div class=\"icon yfwp-chevron-down\" ><\/div>\n\t\t\t\t\t\t\t\t\t\t\t\t\t\t\t\t<b>\u00bfEn cu\u00e1nto tiempo veo resultados?<\/b>\n\t\t\t\t\t\t\t<\/div>\n\t\t\t\t\t\t\t<div class=\"yith-faqs-content-wrapper\">\n\t\t\t\t\t\t\t\t<div class=\"yith-faqs-content\">\n\t\t\t\t\t\t\t\t\t<p>My Perfect Shake es una f\u00f3rmula balanceada que surge como apoyo para incrementar la ingesta de ingredientes esenciales. Cada organismo es diferente, por lo que los resultados var\u00edan de acuerdo con\u00a0 \u00a0los\u00a0 \u00a0h\u00e1bitos\u00a0 \u00a0y\u00a0 \u00a0diversos\u00a0 \u00a0factores\u00a0 \u00a0biol\u00f3gicos. Recuerda que la constancia siempre trae buenos resultados.<\/p>\n<p>Somos un suplemento alimenticio balanceado que re\u00fane hasta \u00a050 \u00a0nutrientes que surge como apoyo para incrementar la ingesta de ingredientes esenciales, y otros ingredientes como: el omega 3, fibra, antioxidantes, etc.<\/p>\n<p>Perder peso depende de varios factores y cada cuerpo responde diferente. \u00a0My Perfect Shake puede apoyarte en este objetivo acompa\u00f1ado de una dieta balanceada y actividad f\u00edsica.<\/p>\n\t\t\t\t\t\t\t\t<\/div>\n\t\t\t\t\t\t\t\t<div class=\"yith-faqs-link\">\n\t\t\t\t\t\t\t\t\t<a class=\"yith-faqs-copy\" href=\"#\" data-faq=\"https:\/\/myperfectshake.com\/index.php\/preguntas-frecuentes\/#faq-1356\">\n\t\t\t\t\t\t\t\t\t\t<span>\n\t\t\t\t\t\t\t\t\t\t\t<span class=\"hover-text\">Copy FAQ Link<\/span>\n\t\t\t\t\t\t\t\t\t\t\t<span class=\"success-text\">Copied!<\/span>\n\t\t\t\t\t\t\t\t\t\t<\/span>\n\t\t\t\t\t\t\t\t\t\t<i class=\"yfwp-link\"><\/i>\n\t\t\t\t\t\t\t\t\t<\/a>\n\t\t\t\t\t\t\t\t<\/div>\n\t\t\t\t\t\t\t<\/div>\n\t\t\t\t\t\t<\/div>\n\n\t\t\t\t\t\n\t\t\t\t\t\t\t\t\t\t\t\t<div id=\"faq-1355\" class=\"yith-faqs-item\">\n\t\t\t\t\t\t\t<div class=\"yith-faqs-title icon-right\" >\n\t\t\t\t\t\t\t\t\t\t\t\t\t\t\t\t\t<div class=\"icon yfwp-chevron-down\" ><\/div>\n\t\t\t\t\t\t\t\t\t\t\t\t\t\t\t\t<b>\u00bfEs vegana?<\/b>\n\t\t\t\t\t\t\t<\/div>\n\t\t\t\t\t\t\t<div class=\"yith-faqs-content-wrapper\">\n\t\t\t\t\t\t\t\t<div class=\"yith-faqs-content\">\n\t\t\t\t\t\t\t\t\t<p>Contamos con una variante con prote\u00ednas \u00a0de origen \u00a0vegetal. My Perfect Shake Vegan Mazap\u00e1n<\/p>\n<p>&nbsp;<\/p>\n\t\t\t\t\t\t\t\t<\/div>\n\t\t\t\t\t\t\t\t<div class=\"yith-faqs-link\">\n\t\t\t\t\t\t\t\t\t<a class=\"yith-faqs-copy\" href=\"#\" data-faq=\"https:\/\/myperfectshake.com\/index.php\/preguntas-frecuentes\/#faq-1355\">\n\t\t\t\t\t\t\t\t\t\t<span>\n\t\t\t\t\t\t\t\t\t\t\t<span class=\"hover-text\">Copy FAQ Link<\/span>\n\t\t\t\t\t\t\t\t\t\t\t<span class=\"success-text\">Copied!<\/span>\n\t\t\t\t\t\t\t\t\t\t<\/span>\n\t\t\t\t\t\t\t\t\t\t<i class=\"yfwp-link\"><\/i>\n\t\t\t\t\t\t\t\t\t<\/a>\n\t\t\t\t\t\t\t\t<\/div>\n\t\t\t\t\t\t\t<\/div>\n\t\t\t\t\t\t<\/div>\n\n\t\t\t\t\t\n\t\t\t\t\t\t\t\t\t\t\t\t<div id=\"faq-1354\" class=\"yith-faqs-item\">\n\t\t\t\t\t\t\t<div class=\"yith-faqs-title icon-right\" >\n\t\t\t\t\t\t\t\t\t\t\t\t\t\t\t\t\t<div class=\"icon yfwp-chevron-down\" ><\/div>\n\t\t\t\t\t\t\t\t\t\t\t\t\t\t\t\t<b>\u00bfAdolescentes pueden consumirlo?<\/b>\n\t\t\t\t\t\t\t<\/div>\n\t\t\t\t\t\t\t<div class=\"yith-faqs-content-wrapper\">\n\t\t\t\t\t\t\t\t<div class=\"yith-faqs-content\">\n\t\t\t\t\t\t\t\t\t<p>Aunque muchos de los ingredientes son naturales y no suelen presentar contraindicaci\u00f3n. La f\u00f3rmula\u00a0 \u00a0fue\u00a0 dise\u00f1ada para mayores de edad. Consulte a su m\u00e9dico para cualquier cambio en la alimentaci\u00f3n.<\/p>\n\t\t\t\t\t\t\t\t<\/div>\n\t\t\t\t\t\t\t\t<div class=\"yith-faqs-link\">\n\t\t\t\t\t\t\t\t\t<a class=\"yith-faqs-copy\" href=\"#\" data-faq=\"https:\/\/myperfectshake.com\/index.php\/preguntas-frecuentes\/#faq-1354\">\n\t\t\t\t\t\t\t\t\t\t<span>\n\t\t\t\t\t\t\t\t\t\t\t<span class=\"hover-text\">Copy FAQ Link<\/span>\n\t\t\t\t\t\t\t\t\t\t\t<span class=\"success-text\">Copied!<\/span>\n\t\t\t\t\t\t\t\t\t\t<\/span>\n\t\t\t\t\t\t\t\t\t\t<i class=\"yfwp-link\"><\/i>\n\t\t\t\t\t\t\t\t\t<\/a>\n\t\t\t\t\t\t\t\t<\/div>\n\t\t\t\t\t\t\t<\/div>\n\t\t\t\t\t\t<\/div>\n\n\t\t\t\t\t\n\t\t\t\t\t\t\t\t\t\t\t\t<div id=\"faq-1353\" class=\"yith-faqs-item\">\n\t\t\t\t\t\t\t<div class=\"yith-faqs-title icon-right\" >\n\t\t\t\t\t\t\t\t\t\t\t\t\t\t\t\t\t<div class=\"icon yfwp-chevron-down\" ><\/div>\n\t\t\t\t\t\t\t\t\t\t\t\t\t\t\t\t<b>\u00bfNi\u00f1os pueden consumirlo?<\/b>\n\t\t\t\t\t\t\t<\/div>\n\t\t\t\t\t\t\t<div class=\"yith-faqs-content-wrapper\">\n\t\t\t\t\t\t\t\t<div class=\"yith-faqs-content\">\n\t\t\t\t\t\t\t\t\t<p>Contamos con una variante para ni\u00f1os de 3 a 10 a\u00f1os. My Perfect Shake Kids \u00a0Chocolate. Consulte a su m\u00e9dico para cualquier cambio en la alimentaci\u00f3n.<\/p>\n\t\t\t\t\t\t\t\t<\/div>\n\t\t\t\t\t\t\t\t<div class=\"yith-faqs-link\">\n\t\t\t\t\t\t\t\t\t<a class=\"yith-faqs-copy\" href=\"#\" data-faq=\"https:\/\/myperfectshake.com\/index.php\/preguntas-frecuentes\/#faq-1353\">\n\t\t\t\t\t\t\t\t\t\t<span>\n\t\t\t\t\t\t\t\t\t\t\t<span class=\"hover-text\">Copy FAQ Link<\/span>\n\t\t\t\t\t\t\t\t\t\t\t<span class=\"success-text\">Copied!<\/span>\n\t\t\t\t\t\t\t\t\t\t<\/span>\n\t\t\t\t\t\t\t\t\t\t<i class=\"yfwp-link\"><\/i>\n\t\t\t\t\t\t\t\t\t<\/a>\n\t\t\t\t\t\t\t\t<\/div>\n\t\t\t\t\t\t\t<\/div>\n\t\t\t\t\t\t<\/div>\n\n\t\t\t\t\t\n\t\t\t\t\t\t\t\t\t\t\t\t<div id=\"faq-1352\" class=\"yith-faqs-item\">\n\t\t\t\t\t\t\t<div class=\"yith-faqs-title icon-right\" >\n\t\t\t\t\t\t\t\t\t\t\t\t\t\t\t\t\t<div class=\"icon yfwp-chevron-down\" ><\/div>\n\t\t\t\t\t\t\t\t\t\t\t\t\t\t\t\t<b>\u00bfEmbarazadas y en periodo de lactancia se puede consumir?<\/b>\n\t\t\t\t\t\t\t<\/div>\n\t\t\t\t\t\t\t<div class=\"yith-faqs-content-wrapper\">\n\t\t\t\t\t\t\t\t<div class=\"yith-faqs-content\">\n\t\t\t\t\t\t\t\t\t<p>Aunque\u00a0 \u00a0muchos de nuestros ingredientes son naturales, y no suelen presentar contraindicaci\u00f3n. \u00a0Dentro de nuestra f\u00f3rmula encontrar\u00e1s caf\u00e9 y caf\u00e9 verde, en promedio aportar\u00e1n 20 mg de cafe\u00edna. \u00a0El equivalente de \u00bc de taza de caf\u00e9 regular preparado. Consulte a su m\u00e9dico para cualquier cambio en la alimentaci\u00f3n.<\/p>\n\t\t\t\t\t\t\t\t<\/div>\n\t\t\t\t\t\t\t\t<div class=\"yith-faqs-link\">\n\t\t\t\t\t\t\t\t\t<a class=\"yith-faqs-copy\" href=\"#\" data-faq=\"https:\/\/myperfectshake.com\/index.php\/preguntas-frecuentes\/#faq-1352\">\n\t\t\t\t\t\t\t\t\t\t<span>\n\t\t\t\t\t\t\t\t\t\t\t<span class=\"hover-text\">Copy FAQ Link<\/span>\n\t\t\t\t\t\t\t\t\t\t\t<span class=\"success-text\">Copied!<\/span>\n\t\t\t\t\t\t\t\t\t\t<\/span>\n\t\t\t\t\t\t\t\t\t\t<i class=\"yfwp-link\"><\/i>\n\t\t\t\t\t\t\t\t\t<\/a>\n\t\t\t\t\t\t\t\t<\/div>\n\t\t\t\t\t\t\t<\/div>\n\t\t\t\t\t\t<\/div>\n\n\t\t\t\t\t\n\t\t\t\t\t\t\t\t\t\t\t\t<div id=\"faq-1351\" class=\"yith-faqs-item\">\n\t\t\t\t\t\t\t<div class=\"yith-faqs-title icon-right\" >\n\t\t\t\t\t\t\t\t\t\t\t\t\t\t\t\t\t<div class=\"icon yfwp-chevron-down\" ><\/div>\n\t\t\t\t\t\t\t\t\t\t\t\t\t\t\t\t<b>My Perfect Shake \u00bfme ayuda a perder peso?<\/b>\n\t\t\t\t\t\t\t<\/div>\n\t\t\t\t\t\t\t<div class=\"yith-faqs-content-wrapper\">\n\t\t\t\t\t\t\t\t<div class=\"yith-faqs-content\">\n\t\t\t\t\t\t\t\t\t<p>El\u00a0 \u00a0producto puede apoyar en este objetivo, acompa\u00f1ado siempre de una alimentaci\u00f3n balanceada y actividad f\u00edsica.<\/p>\n\t\t\t\t\t\t\t\t<\/div>\n\t\t\t\t\t\t\t\t<div class=\"yith-faqs-link\">\n\t\t\t\t\t\t\t\t\t<a class=\"yith-faqs-copy\" href=\"#\" data-faq=\"https:\/\/myperfectshake.com\/index.php\/preguntas-frecuentes\/#faq-1351\">\n\t\t\t\t\t\t\t\t\t\t<span>\n\t\t\t\t\t\t\t\t\t\t\t<span class=\"hover-text\">Copy FAQ Link<\/span>\n\t\t\t\t\t\t\t\t\t\t\t<span class=\"success-text\">Copied!<\/span>\n\t\t\t\t\t\t\t\t\t\t<\/span>\n\t\t\t\t\t\t\t\t\t\t<i class=\"yfwp-link\"><\/i>\n\t\t\t\t\t\t\t\t\t<\/a>\n\t\t\t\t\t\t\t\t<\/div>\n\t\t\t\t\t\t\t<\/div>\n\t\t\t\t\t\t<\/div>\n\n\t\t\t\t\t\n\t\t\t\t\t\t\t\t\t\t\t\t<div id=\"faq-1350\" class=\"yith-faqs-item\">\n\t\t\t\t\t\t\t<div class=\"yith-faqs-title icon-right\" >\n\t\t\t\t\t\t\t\t\t\t\t\t\t\t\t\t\t<div class=\"icon yfwp-chevron-down\" ><\/div>\n\t\t\t\t\t\t\t\t\t\t\t\t\t\t\t\t<b>\u00bfTiene efectos secundarios?<\/b>\n\t\t\t\t\t\t\t<\/div>\n\t\t\t\t\t\t\t<div class=\"yith-faqs-content-wrapper\">\n\t\t\t\t\t\t\t\t<div class=\"yith-faqs-content\">\n\t\t\t\t\t\t\t\t\t<p>Personas susceptibles a alguno de los componentes de la f\u00f3rmula, revisar lista de ingredientes.<\/p>\n\t\t\t\t\t\t\t\t<\/div>\n\t\t\t\t\t\t\t\t<div class=\"yith-faqs-link\">\n\t\t\t\t\t\t\t\t\t<a class=\"yith-faqs-copy\" href=\"#\" data-faq=\"https:\/\/myperfectshake.com\/index.php\/preguntas-frecuentes\/#faq-1350\">\n\t\t\t\t\t\t\t\t\t\t<span>\n\t\t\t\t\t\t\t\t\t\t\t<span class=\"hover-text\">Copy FAQ Link<\/span>\n\t\t\t\t\t\t\t\t\t\t\t<span class=\"success-text\">Copied!<\/span>\n\t\t\t\t\t\t\t\t\t\t<\/span>\n\t\t\t\t\t\t\t\t\t\t<i class=\"yfwp-link\"><\/i>\n\t\t\t\t\t\t\t\t\t<\/a>\n\t\t\t\t\t\t\t\t<\/div>\n\t\t\t\t\t\t\t<\/div>\n\t\t\t\t\t\t<\/div>\n\n\t\t\t\t\t\n\t\t\t\t\t\t\t\t\t\t\t\t<div id=\"faq-1349\" class=\"yith-faqs-item\">\n\t\t\t\t\t\t\t<div class=\"yith-faqs-title icon-right\" >\n\t\t\t\t\t\t\t\t\t\t\t\t\t\t\t\t\t<div class=\"icon yfwp-chevron-down\" ><\/div>\n\t\t\t\t\t\t\t\t\t\t\t\t\t\t\t\t<b>\u00bfQu\u00e9 incluye?<\/b>\n\t\t\t\t\t\t\t<\/div>\n\t\t\t\t\t\t\t<div class=\"yith-faqs-content-wrapper\">\n\t\t\t\t\t\t\t\t<div class=\"yith-faqs-content\">\n\t\t\t\t\t\t\t\t\t<p>-1 kg de producto en polvo<\/p>\n<p>-Una cuchara medidora<\/p>\n<p>-1 Mini \u00a0gu\u00eda de uso<\/p>\n<p>&nbsp;<\/p>\n\t\t\t\t\t\t\t\t<\/div>\n\t\t\t\t\t\t\t\t<div class=\"yith-faqs-link\">\n\t\t\t\t\t\t\t\t\t<a class=\"yith-faqs-copy\" href=\"#\" data-faq=\"https:\/\/myperfectshake.com\/index.php\/preguntas-frecuentes\/#faq-1349\">\n\t\t\t\t\t\t\t\t\t\t<span>\n\t\t\t\t\t\t\t\t\t\t\t<span class=\"hover-text\">Copy FAQ Link<\/span>\n\t\t\t\t\t\t\t\t\t\t\t<span class=\"success-text\">Copied!<\/span>\n\t\t\t\t\t\t\t\t\t\t<\/span>\n\t\t\t\t\t\t\t\t\t\t<i class=\"yfwp-link\"><\/i>\n\t\t\t\t\t\t\t\t\t<\/a>\n\t\t\t\t\t\t\t\t<\/div>\n\t\t\t\t\t\t\t<\/div>\n\t\t\t\t\t\t<\/div>\n\n\t\t\t\t\t\n\t\t\t\t\t\t\t\t\t\t\t\t<div id=\"faq-1348\" class=\"yith-faqs-item\">\n\t\t\t\t\t\t\t<div class=\"yith-faqs-title icon-right\" >\n\t\t\t\t\t\t\t\t\t\t\t\t\t\t\t\t\t<div class=\"icon yfwp-chevron-down\" ><\/div>\n\t\t\t\t\t\t\t\t\t\t\t\t\t\t\t\t<b>\u00bfC\u00f3mo se toma?<\/b>\n\t\t\t\t\t\t\t<\/div>\n\t\t\t\t\t\t\t<div class=\"yith-faqs-content-wrapper\">\n\t\t\t\t\t\t\t\t<div class=\"yith-faqs-content\">\n\t\t\t\t\t\t\t\t\t<p>Dos cucharas medidoras \u00a0(35 g) en 400 ml de agua. Hasta dos porciones* \u00a0al d\u00eda<\/p>\n<p>*1 Porci\u00f3n \u00a0son dos cucharadas medidoras<\/p>\n\t\t\t\t\t\t\t\t<\/div>\n\t\t\t\t\t\t\t\t<div class=\"yith-faqs-link\">\n\t\t\t\t\t\t\t\t\t<a class=\"yith-faqs-copy\" href=\"#\" data-faq=\"https:\/\/myperfectshake.com\/index.php\/preguntas-frecuentes\/#faq-1348\">\n\t\t\t\t\t\t\t\t\t\t<span>\n\t\t\t\t\t\t\t\t\t\t\t<span class=\"hover-text\">Copy FAQ Link<\/span>\n\t\t\t\t\t\t\t\t\t\t\t<span class=\"success-text\">Copied!<\/span>\n\t\t\t\t\t\t\t\t\t\t<\/span>\n\t\t\t\t\t\t\t\t\t\t<i class=\"yfwp-link\"><\/i>\n\t\t\t\t\t\t\t\t\t<\/a>\n\t\t\t\t\t\t\t\t<\/div>\n\t\t\t\t\t\t\t<\/div>\n\t\t\t\t\t\t<\/div>\n\n\t\t\t\t\t\n\t\t\t\t<\/div>\n\n\t\t\t\t\n\t\t\t\t\t\n\t\t\t\t\t<nav class=\"yith-faqs-pagination\">\n\t\t\t\t\t\t<ul>\n\t\t\t\t\t\t\t<li class=\"yith-faqs-page yith-faqs-first disabled\">\n\t\t\t\t\t\t\t\t\t\t\t\t\t\t\t\t\t<span>\n\t\t\t\t\t\t\t\t\t\t<span aria-hidden=\"true\">&laquo;<\/span>\n\t\t\t\t\t\t\t\t\t<\/span>\n\t\t\t\t\t\t\t\t\t\t\t\t\t\t\t<\/li>\n\n\t\t\t\t\t\t\t\t\t\t\t\t\t\t\t<li class=\"yith-faqs-page page-1 active\">\n\t\t\t\t\t\t\t\t\t<a href=\"?pg=1\">1<\/a>\n\t\t\t\t\t\t\t\t<\/li>\n\t\t\t\t\t\t\t\t\t\t\t\t\t\t\t<li class=\"yith-faqs-page page-2 \">\n\t\t\t\t\t\t\t\t\t<a href=\"?pg=2\">2<\/a>\n\t\t\t\t\t\t\t\t<\/li>\n\t\t\t\t\t\t\t\n\t\t\t\t\t\t\t<li class=\"yith-faqs-page yith-faqs-last  \">\n\t\t\t\t\t\t\t\t\t\t\t\t\t\t\t\t\t<a href=\"?pg=2\" aria-label=\"Next\">\n\t\t\t\t\t\t\t\t\t\t<span aria-hidden=\"true\">&raquo;<\/span>\n\t\t\t\t\t\t\t\t\t<\/a>\n\t\t\t\t\t\t\t\t\t\t\t\t\t\t\t<\/li>\n\t\t\t\t\t\t<\/ul>\n\t\t\t\t\t<\/nav>\n\n\t\t\t\t\n\t\t\t<\/div>\n\t\t\t<\/div>\n\t\t\t\t\t\t<\/div>\n\t\t\t\t<\/div>\n\t\t\t\t\t<\/div>\n\t\t<\/div>\n\t\t\t\t\t<\/div>\n\t\t<\/section>\n\t\t\t\t<\/div>\n\t\t","protected":false},"excerpt":{"rendered":"","protected":false},"author":1,"featured_media":0,"parent":0,"menu_order":0,"comment_status":"closed","ping_status":"closed","template":"elementor_header_footer","meta":{"footnotes":""},"class_list":["post-1339","page","type-page","status-publish","hentry"],"_links":{"self":[{"href":"https:\/\/myperfectshake.com\/index.php\/wp-json\/wp\/v2\/pages\/1339","targetHints":{"allow":["GET"]}}],"collection":[{"href":"https:\/\/myperfectshake.com\/index.php\/wp-json\/wp\/v2\/pages"}],"about":[{"href":"https:\/\/myperfectshake.com\/index.php\/wp-json\/wp\/v2\/types\/page"}],"author":[{"embeddable":true,"href":"https:\/\/myperfectshake.com\/index.php\/wp-json\/wp\/v2\/users\/1"}],"replies":[{"embeddable":true,"href":"https:\/\/myperfectshake.com\/index.php\/wp-json\/wp\/v2\/comments?post=1339"}],"version-history":[{"count":7,"href":"https:\/\/myperfectshake.com\/index.php\/wp-json\/wp\/v2\/pages\/1339\/revisions"}],"predecessor-version":[{"id":1363,"href":"https:\/\/myperfectshake.com\/index.php\/wp-json\/wp\/v2\/pages\/1339\/revisions\/1363"}],"wp:attachment":[{"href":"https:\/\/myperfectshake.com\/index.php\/wp-json\/wp\/v2\/media?parent=1339"}],"curies":[{"name":"wp","href":"https:\/\/api.w.org\/{rel}","templated":true}]}}